{"id":7391,"date":"2024-02-26T13:38:04","date_gmt":"2024-02-26T12:38:04","guid":{"rendered":"https:\/\/volutiongroup.se\/recycled-material\/"},"modified":"2026-01-23T14:07:16","modified_gmt":"2026-01-23T13:07:16","slug":"recycled-material","status":"publish","type":"page","link":"https:\/\/volutiongroup.se\/en\/recycled-material\/","title":{"rendered":"Recycled material"},"content":{"rendered":"\t\t<div data-elementor-type=\"wp-page\" data-elementor-id=\"7391\" class=\"elementor elementor-7391 elementor-6276\" data-elementor-post-type=\"page\">\n\t\t\t\t\t\t<section class=\"elementor-section elementor-top-section elementor-element elementor-element-4ed4dac elementor-section-boxed elementor-section-height-default elementor-section-height-default\" data-id=\"4ed4dac\" data-element_type=\"section\" data-e-type=\"section\">\n\t\t\t\t\t\t<div class=\"elementor-container elementor-column-gap-default\">\n\t\t\t\t\t<div class=\"elementor-column elementor-col-100 elementor-top-column elementor-element elementor-element-b9d865c\" data-id=\"b9d865c\" data-element_type=\"column\" data-e-type=\"column\">\n\t\t\t<div class=\"elementor-widget-wrap elementor-element-populated\">\n\t\t\t\t\t\t<div class=\"elementor-element elementor-element-11d5f7d elementor-widget elementor-widget-spacer\" data-id=\"11d5f7d\" data-element_type=\"widget\" data-e-type=\"widget\" data-widget_type=\"spacer.default\">\n\t\t\t\t<div class=\"elementor-widget-container\">\n\t\t\t\t\t\t\t<div class=\"elementor-spacer\">\n\t\t\t<div class=\"elementor-spacer-inner\"><\/div>\n\t\t<\/div>\n\t\t\t\t\t\t<\/div>\n\t\t\t\t<\/div>\n\t\t\t\t<section class=\"elementor-section elementor-inner-section elementor-element elementor-element-576a2f4 elementor-section-boxed elementor-section-height-default elementor-section-height-default\" data-id=\"576a2f4\" data-element_type=\"section\" data-e-type=\"section\">\n\t\t\t\t\t\t<div class=\"elementor-container elementor-column-gap-default\">\n\t\t\t\t\t<div class=\"elementor-column elementor-col-33 elementor-inner-column elementor-element elementor-element-17f849f\" data-id=\"17f849f\" data-element_type=\"column\" data-e-type=\"column\">\n\t\t\t<div class=\"elementor-widget-wrap elementor-element-populated\">\n\t\t\t\t\t\t<div class=\"elementor-element elementor-element-8265ffa elementor-widget elementor-widget-image\" data-id=\"8265ffa\" data-element_type=\"widget\" data-e-type=\"widget\" data-widget_type=\"image.default\">\n\t\t\t\t<div class=\"elementor-widget-container\">\n\t\t\t\t\t\t\t\t\t\t\t\t\t\t\t<img fetchpriority=\"high\" decoding=\"async\" width=\"300\" height=\"300\" src=\"https:\/\/volutiongroup.se\/app\/uploads\/2024\/04\/banner-recycled-plastic-volutiongroup-800x800px-planet-300x300.jpg\" class=\"attachment-medium size-medium wp-image-7320\" alt=\"\" srcset=\"https:\/\/volutiongroup.se\/app\/uploads\/2024\/04\/banner-recycled-plastic-volutiongroup-800x800px-planet-300x300.jpg 300w, https:\/\/volutiongroup.se\/app\/uploads\/2024\/04\/banner-recycled-plastic-volutiongroup-800x800px-planet-1024x1024.jpg 1024w, https:\/\/volutiongroup.se\/app\/uploads\/2024\/04\/banner-recycled-plastic-volutiongroup-800x800px-planet-150x150.jpg 150w, https:\/\/volutiongroup.se\/app\/uploads\/2024\/04\/banner-recycled-plastic-volutiongroup-800x800px-planet-768x768.jpg 768w, https:\/\/volutiongroup.se\/app\/uploads\/2024\/04\/banner-recycled-plastic-volutiongroup-800x800px-planet-1536x1536.jpg 1536w, https:\/\/volutiongroup.se\/app\/uploads\/2024\/04\/banner-recycled-plastic-volutiongroup-800x800px-planet-2048x2048.jpg 2048w\" sizes=\"(max-width: 300px) 100vw, 300px\" \/>\t\t\t\t\t\t\t\t\t\t\t\t\t\t\t<\/div>\n\t\t\t\t<\/div>\n\t\t\t\t<div class=\"elementor-element elementor-element-26884a9 elementor-widget elementor-widget-spacer\" data-id=\"26884a9\" data-element_type=\"widget\" data-e-type=\"widget\" data-widget_type=\"spacer.default\">\n\t\t\t\t<div class=\"elementor-widget-container\">\n\t\t\t\t\t\t\t<div class=\"elementor-spacer\">\n\t\t\t<div class=\"elementor-spacer-inner\"><\/div>\n\t\t<\/div>\n\t\t\t\t\t\t<\/div>\n\t\t\t\t<\/div>\n\t\t\t\t<div class=\"elementor-element elementor-element-ad4a2e4 elementor-widget elementor-widget-text-editor\" data-id=\"ad4a2e4\" data-element_type=\"widget\" data-e-type=\"widget\" data-widget_type=\"text-editor.default\">\n\t\t\t\t<div class=\"elementor-widget-container\">\n\t\t\t\t\t\t\t\t\t<p><strong>SE<br>Stort tack<\/strong> f\u00f6r att du v\u00e4ljer en produkt som \u00e4r tillverkad av \u00e5tervunnet material och f\u00f6r att du v\u00e4rnar om v\u00e5r planet. <\/p><p>Under \u00e5rens lopp har vi \u00f6kat anv\u00e4ndningen av \u00e5tervunnet material i tillverkningen av v\u00e5ra produkter. Flera av v\u00e5ra kanalr\u00f6r, stosar och tillbeh\u00f6r \u00e4r till exempel tillverkade av 100\u202f% \u00e5tervunnen plast, som har l\u00e4gre milj\u00f6p\u00e5verkan \u00e4n jungfrulig plast.  <\/p><p>Produkten \u00e4r helt eller delvis tillverkad av \u00e5tervunnet material, vilket inneb\u00e4r att \u00e4ven om den kan ha en annan nyans \u00e4n du f\u00f6rv\u00e4ntar dig s\u00e5 h\u00e5ller den fortfarande samma h\u00f6ga kvalitet. <\/p><p>Tack igen f\u00f6r att du v\u00e4ljer en produkt som \u00e4r tillverkad av \u00e5tervunnet material \u2013 tillsammans g\u00f6r vi skillnad! <\/p><p>L\u00e4s mer om v\u00e5r h\u00e5llbarhetsstrategi h\u00e4r: <a href=\"https:\/\/volutiongroup.se\/hallbarhet\/\"><u>Sustainability \u2013 Volution Group<\/u><\/a><\/p><p> <\/p>\t\t\t\t\t\t\t\t<\/div>\n\t\t\t\t<\/div>\n\t\t\t\t<div class=\"elementor-element elementor-element-5a57a57 elementor-widget elementor-widget-text-editor\" data-id=\"5a57a57\" data-element_type=\"widget\" data-e-type=\"widget\" data-widget_type=\"text-editor.default\">\n\t\t\t\t<div class=\"elementor-widget-container\">\n\t\t\t\t\t\t\t\t\t<p><strong>DK<br>Stor tak<\/strong> for at du v\u00e6lger et produkt, der er fremstillet af genanvendt materiale, og fordi du v\u00e6rner om vores planet.<\/p><p>Gennem \u00e5rene har vi \u00f8get brugen af genanvendt materiale i produktionen af vores produkter. Flere af vores kanalr\u00f8r, fittings og tilbeh\u00f8r er for eksempel fremstillet af 100 % genanvendt plast, som har lavere milj\u00f8p\u00e5virkning end virgin plast. <\/p><p>Produktet er helt eller delvist fremstillet af genanvendt materiale, hvilket betyder, at selvom det kan have en anden nuance end forventet, den bevarer stadig samme h\u00f8je kvalitet.<\/p><p>Tak igen for at v\u00e6lge et produkt, der er fremstillet af genanvendt materiale &#8211; sammen g\u00f8r vi en forskel!<\/p><p>L\u00e6s mere om vores b\u00e6redygtighedsstrategi her: <a href=\"https:\/\/volutiongroup.se\/sustainability\/\"><u>Sustainability \u2013 Volution Group<\/u> <\/a> <\/p>\t\t\t\t\t\t\t\t<\/div>\n\t\t\t\t<\/div>\n\t\t\t\t<div class=\"elementor-element elementor-element-a1bc8d6 elementor-widget elementor-widget-spacer\" data-id=\"a1bc8d6\" data-element_type=\"widget\" data-e-type=\"widget\" data-widget_type=\"spacer.default\">\n\t\t\t\t<div class=\"elementor-widget-container\">\n\t\t\t\t\t\t\t<div class=\"elementor-spacer\">\n\t\t\t<div class=\"elementor-spacer-inner\"><\/div>\n\t\t<\/div>\n\t\t\t\t\t\t<\/div>\n\t\t\t\t<\/div>\n\t\t\t\t\t<\/div>\n\t\t<\/div>\n\t\t\t\t<div class=\"elementor-column elementor-col-33 elementor-inner-column elementor-element elementor-element-c2605fe\" data-id=\"c2605fe\" data-element_type=\"column\" data-e-type=\"column\">\n\t\t\t<div class=\"elementor-widget-wrap elementor-element-populated\">\n\t\t\t\t\t\t<div class=\"elementor-element elementor-element-7365630 elementor-widget elementor-widget-image\" data-id=\"7365630\" data-element_type=\"widget\" data-e-type=\"widget\" data-widget_type=\"image.default\">\n\t\t\t\t<div class=\"elementor-widget-container\">\n\t\t\t\t\t\t\t\t\t\t\t\t\t\t\t<img decoding=\"async\" width=\"300\" height=\"300\" src=\"https:\/\/volutiongroup.se\/app\/uploads\/2024\/04\/banner-recycled-plastic-volutiongroup-800x800px-product-300x300.jpg\" class=\"attachment-medium size-medium wp-image-7319\" alt=\"\" srcset=\"https:\/\/volutiongroup.se\/app\/uploads\/2024\/04\/banner-recycled-plastic-volutiongroup-800x800px-product-300x300.jpg 300w, https:\/\/volutiongroup.se\/app\/uploads\/2024\/04\/banner-recycled-plastic-volutiongroup-800x800px-product-1024x1024.jpg 1024w, https:\/\/volutiongroup.se\/app\/uploads\/2024\/04\/banner-recycled-plastic-volutiongroup-800x800px-product-150x150.jpg 150w, https:\/\/volutiongroup.se\/app\/uploads\/2024\/04\/banner-recycled-plastic-volutiongroup-800x800px-product-768x768.jpg 768w, https:\/\/volutiongroup.se\/app\/uploads\/2024\/04\/banner-recycled-plastic-volutiongroup-800x800px-product-1536x1536.jpg 1536w, https:\/\/volutiongroup.se\/app\/uploads\/2024\/04\/banner-recycled-plastic-volutiongroup-800x800px-product.jpg 1667w\" sizes=\"(max-width: 300px) 100vw, 300px\" \/>\t\t\t\t\t\t\t\t\t\t\t\t\t\t\t<\/div>\n\t\t\t\t<\/div>\n\t\t\t\t<div class=\"elementor-element elementor-element-d0dfbdd elementor-widget elementor-widget-spacer\" data-id=\"d0dfbdd\" data-element_type=\"widget\" data-e-type=\"widget\" data-widget_type=\"spacer.default\">\n\t\t\t\t<div class=\"elementor-widget-container\">\n\t\t\t\t\t\t\t<div class=\"elementor-spacer\">\n\t\t\t<div class=\"elementor-spacer-inner\"><\/div>\n\t\t<\/div>\n\t\t\t\t\t\t<\/div>\n\t\t\t\t<\/div>\n\t\t\t\t<div class=\"elementor-element elementor-element-168b4c6 elementor-widget elementor-widget-text-editor\" data-id=\"168b4c6\" data-element_type=\"widget\" data-e-type=\"widget\" data-widget_type=\"text-editor.default\">\n\t\t\t\t<div class=\"elementor-widget-container\">\n\t\t\t\t\t\t\t\t\t<p><strong>EN<br><\/strong><strong>Thank you<\/strong> for choosing a product made from recycled materials and for caring about our planet.<\/p><p>Over the years, we have increased the use of recycled materials in the manufacturing of our products. For example, several of our ducts, fittings, and accessories are made from 100% recycled plastic, which has a lower environmental impact than virgin plastic. <\/p><p>The product is fully or partially made from recycled materials, which means that even though it may have a different shade than expected, it still maintains the same high quality.<\/p><p>Thanks once again for choosing a product made from recycled materials \u2013 together, we make a difference!<\/p><p>Learn more about our sustainability strategy here: <a href=\"https:\/\/volutiongroup.se\/sustainability\/\"><u>Sustainability \u2013 Volution Group<\/u><\/a><\/p>\t\t\t\t\t\t\t\t<\/div>\n\t\t\t\t<\/div>\n\t\t\t\t<div class=\"elementor-element elementor-element-80b56a8 elementor-widget elementor-widget-spacer\" data-id=\"80b56a8\" data-element_type=\"widget\" data-e-type=\"widget\" data-widget_type=\"spacer.default\">\n\t\t\t\t<div class=\"elementor-widget-container\">\n\t\t\t\t\t\t\t<div class=\"elementor-spacer\">\n\t\t\t<div class=\"elementor-spacer-inner\"><\/div>\n\t\t<\/div>\n\t\t\t\t\t\t<\/div>\n\t\t\t\t<\/div>\n\t\t\t\t<div class=\"elementor-element elementor-element-c00e097 elementor-widget elementor-widget-text-editor\" data-id=\"c00e097\" data-element_type=\"widget\" data-e-type=\"widget\" data-widget_type=\"text-editor.default\">\n\t\t\t\t<div class=\"elementor-widget-container\">\n\t\t\t\t\t\t\t\t\t<p><strong>FI<br>Kiitos<\/strong>, kun valitset kierr\u00e4tetyst\u00e4 materiaalista valmistetun tuotteen ja v\u00e4lit\u00e4t planeetastamme.<\/p><p>Vuosien varrella olemme lis\u00e4nneet kierr\u00e4tetyn materiaalin k\u00e4ytt\u00f6\u00e4 tuotteidemme valmistuksessa. Esimerkiksi monet kanavat, liittimet ja tarvikkeet olemme valmistaneet 100 %:sesti kierr\u00e4tetyst\u00e4 muovista, jolla on pienempi ymp\u00e4rist\u00f6vaikutus kuin neitseellisell\u00e4 muovilla. <\/p><p>Kokonaan tai osittain kierr\u00e4tetyst\u00e4 materiaalista valmistettu tuote voi olla hieman eri v\u00e4ris\u00e4vy\u00e4 kuin odotit, mutta se on silti yht\u00e4 korkealaatuinen.<\/p><p>Kiitos viel\u00e4 kerran siit\u00e4, ett\u00e4 valitset tuotteen, joka on valmistettu kierr\u00e4tetyst\u00e4 materiaalista &#8211; yhdess\u00e4 teemme eron!<\/p><p>Lue lis\u00e4\u00e4 kest\u00e4v\u00e4n kehityksen strategiastamme t\u00e4\u00e4lt\u00e4: <a href=\"https:\/\/volutiongroup.se\/sustainability\/\"><u>Sustainability \u2013 Volution Group<\/u> <\/a> <\/p>\t\t\t\t\t\t\t\t<\/div>\n\t\t\t\t<\/div>\n\t\t\t\t<div class=\"elementor-element elementor-element-ff191cd elementor-widget elementor-widget-spacer\" data-id=\"ff191cd\" data-element_type=\"widget\" data-e-type=\"widget\" data-widget_type=\"spacer.default\">\n\t\t\t\t<div class=\"elementor-widget-container\">\n\t\t\t\t\t\t\t<div class=\"elementor-spacer\">\n\t\t\t<div class=\"elementor-spacer-inner\"><\/div>\n\t\t<\/div>\n\t\t\t\t\t\t<\/div>\n\t\t\t\t<\/div>\n\t\t\t\t\t<\/div>\n\t\t<\/div>\n\t\t\t\t<div class=\"elementor-column elementor-col-33 elementor-inner-column elementor-element elementor-element-873504e\" data-id=\"873504e\" data-element_type=\"column\" data-e-type=\"column\">\n\t\t\t<div class=\"elementor-widget-wrap elementor-element-populated\">\n\t\t\t\t\t\t<div class=\"elementor-element elementor-element-a8c4373 elementor-widget elementor-widget-image\" data-id=\"a8c4373\" data-element_type=\"widget\" data-e-type=\"widget\" data-widget_type=\"image.default\">\n\t\t\t\t<div class=\"elementor-widget-container\">\n\t\t\t\t\t\t\t\t\t\t\t\t\t\t\t<img decoding=\"async\" width=\"300\" height=\"300\" src=\"https:\/\/volutiongroup.se\/app\/uploads\/2024\/04\/banner-recycled-plastic-volutiongroup-800x800px-people-300x300.jpg\" class=\"attachment-medium size-medium wp-image-7318\" alt=\"\" srcset=\"https:\/\/volutiongroup.se\/app\/uploads\/2024\/04\/banner-recycled-plastic-volutiongroup-800x800px-people-300x300.jpg 300w, https:\/\/volutiongroup.se\/app\/uploads\/2024\/04\/banner-recycled-plastic-volutiongroup-800x800px-people-1024x1024.jpg 1024w, https:\/\/volutiongroup.se\/app\/uploads\/2024\/04\/banner-recycled-plastic-volutiongroup-800x800px-people-150x150.jpg 150w, https:\/\/volutiongroup.se\/app\/uploads\/2024\/04\/banner-recycled-plastic-volutiongroup-800x800px-people-768x768.jpg 768w, https:\/\/volutiongroup.se\/app\/uploads\/2024\/04\/banner-recycled-plastic-volutiongroup-800x800px-people-1536x1536.jpg 1536w, https:\/\/volutiongroup.se\/app\/uploads\/2024\/04\/banner-recycled-plastic-volutiongroup-800x800px-people.jpg 1667w\" sizes=\"(max-width: 300px) 100vw, 300px\" \/>\t\t\t\t\t\t\t\t\t\t\t\t\t\t\t<\/div>\n\t\t\t\t<\/div>\n\t\t\t\t<div class=\"elementor-element elementor-element-254e583 elementor-widget elementor-widget-spacer\" data-id=\"254e583\" data-element_type=\"widget\" data-e-type=\"widget\" data-widget_type=\"spacer.default\">\n\t\t\t\t<div class=\"elementor-widget-container\">\n\t\t\t\t\t\t\t<div class=\"elementor-spacer\">\n\t\t\t<div class=\"elementor-spacer-inner\"><\/div>\n\t\t<\/div>\n\t\t\t\t\t\t<\/div>\n\t\t\t\t<\/div>\n\t\t\t\t<div class=\"elementor-element elementor-element-2aa9a14 elementor-widget elementor-widget-text-editor\" data-id=\"2aa9a14\" data-element_type=\"widget\" data-e-type=\"widget\" data-widget_type=\"text-editor.default\">\n\t\t\t\t<div class=\"elementor-widget-container\">\n\t\t\t\t\t\t\t\t\t<p><strong>NO<br>Takk<\/strong> for at du velger et produkt som er laget av resirkulert materiale og for at du bryr deg om planeten v\u00e5r.<\/p><p>Gjennom \u00e5rene har vi \u00f8kt bruken av resirkulert materiale i produksjonen av produktene v\u00e5re. Flere av kanalr\u00f8rene v\u00e5re, tilkoplingene og tilbeh\u00f8rene er for eksempel laget av 100 % resirkulert plast, som har lavere milj\u00f8p\u00e5virkning enn ny plast. <\/p><p>Produktet er helt eller delvis laget av resirkulert materiale, noe som betyr at selv om det kan ha en annen nyanse enn forventet, opprettholder det fortsatt den samme h\u00f8ye kvaliteten.<\/p><p>Takk igjen for at du velger et produkt laget av resirkulert materiale &#8211; sammen gj\u00f8r vi en forskjell!<\/p><p>Les mer om v\u00e5r b\u00e6rekraftstrategi her: <a href=\"https:\/\/volutiongroup.se\/sustainability\/\"><u>Sustainability \u2013 Volution Group<\/u><\/a><\/p>\t\t\t\t\t\t\t\t<\/div>\n\t\t\t\t<\/div>\n\t\t\t\t<div class=\"elementor-element elementor-element-947ea5d elementor-widget elementor-widget-spacer\" data-id=\"947ea5d\" data-element_type=\"widget\" data-e-type=\"widget\" data-widget_type=\"spacer.default\">\n\t\t\t\t<div class=\"elementor-widget-container\">\n\t\t\t\t\t\t\t<div class=\"elementor-spacer\">\n\t\t\t<div class=\"elementor-spacer-inner\"><\/div>\n\t\t<\/div>\n\t\t\t\t\t\t<\/div>\n\t\t\t\t<\/div>\n\t\t\t\t<div class=\"elementor-element elementor-element-b32abb3 elementor-widget elementor-widget-text-editor\" data-id=\"b32abb3\" data-element_type=\"widget\" data-e-type=\"widget\" data-widget_type=\"text-editor.default\">\n\t\t\t\t<div class=\"elementor-widget-container\">\n\t\t\t\t\t\t\t\t\t<p><strong>ES<br>Muchas gracias<\/strong> por elegir un producto fabricado con material reciclado y por preocuparte por nuestro planeta.<\/p><p>Con el paso de los a\u00f1os, hemos aumentado el uso de material reciclado en la fabricaci\u00f3n de nuestros productos. Varios de nuestros conductos, accesorios y conexiones, por ejemplo, est\u00e1n fabricados con un 100% de pl\u00e1stico reciclado, que tiene un menor impacto ambiental que el pl\u00e1stico virgen. <\/p><p>El producto est\u00e1 fabricado total o parcialmente con material reciclado, lo que significa que aunque pueda tener un tono diferente al esperado, sigue manteniendo la misma alta calidad.<\/p><p>\u00a1Gracias nuevamente por elegir un producto fabricado con material reciclado, juntos hacemos la diferencia!<\/p><p>Lee m\u00e1s sobre nuestra estrategia de sostenibilidad aqu\u00ed: <a href=\"https:\/\/volutiongroup.se\/sustainability\/\"><u>Sustainability \u2013 Volution Group<\/u> <\/a> <\/p>\t\t\t\t\t\t\t\t<\/div>\n\t\t\t\t<\/div>\n\t\t\t\t<div class=\"elementor-element elementor-element-5b6944e elementor-widget elementor-widget-spacer\" data-id=\"5b6944e\" data-element_type=\"widget\" data-e-type=\"widget\" data-widget_type=\"spacer.default\">\n\t\t\t\t<div class=\"elementor-widget-container\">\n\t\t\t\t\t\t\t<div class=\"elementor-spacer\">\n\t\t\t<div class=\"elementor-spacer-inner\"><\/div>\n\t\t<\/div>\n\t\t\t\t\t\t<\/div>\n\t\t\t\t<\/div>\n\t\t\t\t\t<\/div>\n\t\t<\/div>\n\t\t\t\t\t<\/div>\n\t\t<\/section>\n\t\t\t\t\t<\/div>\n\t\t<\/div>\n\t\t\t\t\t<\/div>\n\t\t<\/section>\n\t\t\t\t<section class=\"elementor-section elementor-top-section elementor-element elementor-element-0a343c3 elementor-section-boxed elementor-section-height-default elementor-section-height-default\" data-id=\"0a343c3\" data-element_type=\"section\" data-e-type=\"section\">\n\t\t\t\t\t\t<div class=\"elementor-container elementor-column-gap-default\">\n\t\t\t\t\t<div class=\"elementor-column elementor-col-100 elementor-top-column elementor-element elementor-element-d49ed51\" data-id=\"d49ed51\" data-element_type=\"column\" data-e-type=\"column\">\n\t\t\t<div class=\"elementor-widget-wrap elementor-element-populated\">\n\t\t\t\t\t\t<div class=\"elementor-element elementor-element-8946c1d elementor-widget elementor-widget-image\" data-id=\"8946c1d\" data-element_type=\"widget\" data-e-type=\"widget\" data-widget_type=\"image.default\">\n\t\t\t\t<div class=\"elementor-widget-container\">\n\t\t\t\t\t\t\t\t\t\t\t\t\t\t\t<img decoding=\"async\" src=\"https:\/\/volutiongroup.se\/app\/uploads\/elementor\/thumbs\/varumarken-qm9duoe1dy6f63xxz1k5jkdbtl1eo32iv2umqazu1a.jpg\" title=\"Varum\u00e4rken\" alt=\"Varum\u00e4rken\" loading=\"lazy\" \/>\t\t\t\t\t\t\t\t\t\t\t\t\t\t\t<\/div>\n\t\t\t\t<\/div>\n\t\t\t\t\t<\/div>\n\t\t<\/div>\n\t\t\t\t\t<\/div>\n\t\t<\/section>\n\t\t\t\t<\/div>\n\t\t","protected":false},"excerpt":{"rendered":"<p>SEStort tack f\u00f6r att du v\u00e4ljer en produkt som \u00e4r tillverkad av \u00e5tervunnet material och f\u00f6r att du v\u00e4rnar om v\u00e5r planet. Under \u00e5rens lopp har vi \u00f6kat anv\u00e4ndningen av \u00e5tervunnet material i tillverkningen av v\u00e5ra produkter. Flera av v\u00e5ra kanalr\u00f6r, stosar och tillbeh\u00f6r \u00e4r till exempel tillverkade av 100\u202f% \u00e5tervunnen plast, som har l\u00e4gre [&hellip;]<\/p>\n","protected":false},"author":8,"featured_media":0,"parent":0,"menu_order":0,"comment_status":"closed","ping_status":"closed","template":"","meta":{"_acf_changed":false,"footnotes":""},"class_list":["post-7391","page","type-page","status-publish","hentry"],"acf":[],"_links":{"self":[{"href":"https:\/\/volutiongroup.se\/en\/wp-json\/wp\/v2\/pages\/7391","targetHints":{"allow":["GET"]}}],"collection":[{"href":"https:\/\/volutiongroup.se\/en\/wp-json\/wp\/v2\/pages"}],"about":[{"href":"https:\/\/volutiongroup.se\/en\/wp-json\/wp\/v2\/types\/page"}],"author":[{"embeddable":true,"href":"https:\/\/volutiongroup.se\/en\/wp-json\/wp\/v2\/users\/8"}],"replies":[{"embeddable":true,"href":"https:\/\/volutiongroup.se\/en\/wp-json\/wp\/v2\/comments?post=7391"}],"version-history":[{"count":1,"href":"https:\/\/volutiongroup.se\/en\/wp-json\/wp\/v2\/pages\/7391\/revisions"}],"predecessor-version":[{"id":7392,"href":"https:\/\/volutiongroup.se\/en\/wp-json\/wp\/v2\/pages\/7391\/revisions\/7392"}],"wp:attachment":[{"href":"https:\/\/volutiongroup.se\/en\/wp-json\/wp\/v2\/media?parent=7391"}],"curies":[{"name":"wp","href":"https:\/\/api.w.org\/{rel}","templated":true}]}}